{"id":1259,"date":"2021-08-18T16:43:10","date_gmt":"2021-08-18T14:43:10","guid":{"rendered":"https:\/\/www.claudiacravero.it\/web\/?page_id=1259"},"modified":"2021-08-18T16:43:10","modified_gmt":"2021-08-18T14:43:10","slug":"divina-fuori-classe-inferno","status":"publish","type":"page","link":"https:\/\/www.claudiacravero.it\/web\/divina-fuori-classe-inferno\/","title":{"rendered":"DIVINA FUORI CLASSE &#8211; INFERNO"},"content":{"rendered":"\n<p>Finalmente &#8220;Divina fuori classe&#8221; \u00e8 online con il suo primo volume: PRIMA TAPPA &#8211; INFERNO. Sono orgogliosa di questo risultato, perch\u00e9 si tratta del felice coronamento di un grande lavoro di scrittura e di pittura nato nell&#8217;estate del 2018, quando mi sono ritrovata in una delle mie fasi creative pi\u00f9 intense.<\/p>\n\n\n\n<p><strong>PER NON PARLARE DEL FATTO CHE &#8220;DIVINA FUORI CLASSE&#8221; E&#8217; ARRIVATA IN FINALE AL PRESTIGIOSO PREMIO INEDITO 2020, SCELTO FRA QUASI CINQUANTA OPERE GIUNTE PER LA SELEZIONE. UN OTTIMO RISULTATO!!!<\/strong><\/p>\n\n\n\n<p>Questa la recensione fornita dalla giuria del Premio:<\/p>\n\n\n\n<div class=\"wp-block-image\"><figure class=\"aligncenter\"><img decoding=\"async\" loading=\"lazy\" width=\"791\" height=\"1024\" src=\"https:\/\/www.claudiacravero.it\/web\/wp-content\/uploads\/2016\/03\/Scheda-valutazione-Cravero_page-0001-791x1024.jpg\" alt=\"\" class=\"wp-image-768\" srcset=\"https:\/\/www.claudiacravero.it\/web\/wp-content\/uploads\/2016\/03\/Scheda-valutazione-Cravero_page-0001-791x1024.jpg 791w, https:\/\/www.claudiacravero.it\/web\/wp-content\/uploads\/2016\/03\/Scheda-valutazione-Cravero_page-0001-232x300.jpg 232w, https:\/\/www.claudiacravero.it\/web\/wp-content\/uploads\/2016\/03\/Scheda-valutazione-Cravero_page-0001-768x994.jpg 768w, https:\/\/www.claudiacravero.it\/web\/wp-content\/uploads\/2016\/03\/Scheda-valutazione-Cravero_page-0001-1187x1536.jpg 1187w, https:\/\/www.claudiacravero.it\/web\/wp-content\/uploads\/2016\/03\/Scheda-valutazione-Cravero_page-0001-502x650.jpg 502w, https:\/\/www.claudiacravero.it\/web\/wp-content\/uploads\/2016\/03\/Scheda-valutazione-Cravero_page-0001.jpg 1275w\" sizes=\"(max-width: 791px) 100vw, 791px\" \/><\/figure><\/div>\n\n\n\n<p>La&nbsp;<em>Divina Commedia<\/em>&nbsp;\u00e8 un&#8217;opera straordinaria, completa, densa di simboli, allegorie e misteri, come piace a me ovviamente; i suoi versi sono geniali, efficaci e spiazzanti al tempo stesso. Come piace a me. Ovviamente.<\/p>\n\n\n\n<p>Posso dire senza spocchia che studio questa trilogia ormai da 25 anni e ancora mi sorprende come fossi una liceale alle prime armi. Ma negli ultimi tempi, dopo averla proposta a turbe di studenti del triennio superiore, con esiti comunque sempre positivi, mi sono resa conto che avevo voglia di dire la mia. Ma non con il solito saggio pretenzioso, magniloquente, spruzzato qua e l\u00e0 di intenti &#8220;didattichesi&#8221; che non si attagliano agli studenti dei vari ordini e gradi di scuola. Invece con parole semplici, attuali, adatte a un pubblico eterogeneo che desidera sapere e comprendere, ma senza annoiarsi a morte. Soprattutto se penso alla nuova &#8220;generazione 20 parole&#8221; la quale ha ormai un lessico talmente ristretto da poter essere scritto tutto sul palmo di una mano.<\/p>\n\n\n\n<p>Quindi ho preso terzina per terzina e l&#8217;ho raccontata in prosa, solo in pochi casi prendendomi piccole licenze sulla trama, esclusivamente per dare pi\u00f9 corpo al protagonista, un Dante smarrito, perplesso e preoccupatissimo. L&#8217;ironia e la comicit\u00e0 si alternano a momenti di maggior seriet\u00e0, che tuttavia non \u00e8 mai troppa, perch\u00e9 non si esuli troppo dallo scanzonato stile di fondo.<\/p>\n\n\n\n<p>Ho anche alternato un po&#8217; gli stili, per mantenere, almeno alla lontana, il plurilinguismo che era gi\u00e0 dell&#8217;autore originario: l&#8217;avvicendamento pi\u00f9 eclatante \u00e8 stato quello con le scene teatrali, che ben si prestano a dipanare alcuni dialoghi tra il pellegrino e le anime, come, del resto, era gi\u00e0 nelle intenzioni dell&#8217;Alighieri, che introduce nella prima cantica quelle che, a ben vedere, sono proprio due sacre rappresentazioni.<\/p>\n\n\n\n<div class=\"wp-block-image\"><figure class=\"aligncenter\"><img decoding=\"async\" loading=\"lazy\" width=\"580\" height=\"823\" src=\"https:\/\/www.claudiacravero.it\/web\/wp-content\/uploads\/2020\/07\/copertina-divina.jpg\" alt=\"\" class=\"wp-image-551\" srcset=\"https:\/\/www.claudiacravero.it\/web\/wp-content\/uploads\/2020\/07\/copertina-divina.jpg 580w, https:\/\/www.claudiacravero.it\/web\/wp-content\/uploads\/2020\/07\/copertina-divina-211x300.jpg 211w, https:\/\/www.claudiacravero.it\/web\/wp-content\/uploads\/2020\/07\/copertina-divina-458x650.jpg 458w\" sizes=\"(max-width: 580px) 100vw, 580px\" \/><\/figure><\/div>\n\n\n\n<p><strong>LE PARTICOLARITA&#8217;<\/strong><\/p>\n\n\n\n<p>La vera particolarit\u00e0 sono per\u00f2 delle piccole parentesi che ho inserito per raccontare la mia vita scolastica, quando anche io mi sono trovata alle prese con la Divina Commedia. Ero al liceo classico della mia citt\u00e0, e avevo un professore bravissimo, molto preparato che me l&#8217;ha fatta amare (e si vede quanto!) Qui l&#8217;ho ribattezzato &#8220;il mio prof ingessato&#8221;, perch\u00e9 in effetti indossava sempre giacca e cravatta che gli conferivano un&#8217;aria serissima, anche se poi era un gran simpaticone, con una vena ironica che adoravo. A parte la giacca e la cravatta, il resto \u00e8 tutto inventato, anche i compagni (non c&#8217;era nessun Scodella e nessuna Monaca) e i disegnini. Quelli li facevo io sul diario. Ma credo che il prof sarebbe stato capacissimo pure lui, visto che \u00e8 anche un ottimo pittore. A lui ho dedicato l&#8217;opera e spero tanto che la apprezzi.<\/p>\n\n\n\n<p>E poi ci sono le mie illustrazioni, di cui vi do qui un piccolo assaggio.<\/p>\n\n\n\n<p><strong>CHI PUO&#8217; LEGGERLO?<\/strong><\/p>\n\n\n\n<p>Tutti, naturalmente. Se si \u00e8 studenti, ancora meglio.<\/p>\n\n\n\n<p><strong>DOVE SI PUO&#8217; TROVARE?<\/strong><\/p>\n\n\n\n<p>Per il momento il libro \u00e8 in vendita solo su Amazon, sia in formato kindle\/e-book sia in formato cartaceo, e lo si pu\u00f2 ordinare premendo&nbsp;<a href=\"https:\/\/www.amazon.it\/DIVINA-FUORI-CLASSE-attraverso-irriverente\/dp\/B0858T5S1L\/ref=sr_1_1?__mk_it_IT=%C3%85M%C3%85%C5%BD%C3%95%C3%91&amp;keywords=DIVINA+FUORI+CLASSE&amp;qid=1583509198&amp;sr=8-1\">QUI<\/a>. Si pu\u00f2 acquistare anche con la carta del docente.<\/p>\n\n\n\n<p>Il progetto proseguir\u00e0 con la prossima cantica (il&nbsp;Purgatorio),&nbsp;se ci sar\u00e0 apprezzamento per la prima. Quindi, se vi \u00e8 piaciuto, consigliatelo e datemi feedback in mail, cos\u00ec sar\u00f2 lieta di procedere sapendo di essere sulla strada giusta! Grazie!<\/p>\n\n\n\n<p><a href=\"https:\/\/www.amazon.it\/DIVINA-FUORI-CLASSE-attraverso-irriverente\/dp\/B0858T5S1L\/ref=sr_1_1?__mk_it_IT=%C3%85M%C3%85%C5%BD%C3%95%C3%91&amp;keywords=DIVINA+FUORI+CLASSE&amp;qid=1583509198&amp;sr=8-1\">PREMI QUI PER ORDINARE IL LIBRO<\/a><\/p>\n\n\n\n<p>e qui puoi vedere il mini<\/p>\n\n\n\n<p><a href=\"https:\/\/www.youtube.com\/watch?v=OxAOUxRARak\">VIDEO DI PRESENTAZIONE<\/a><\/p>\n","protected":false},"excerpt":{"rendered":"<p>Finalmente &#8220;Divina fuori classe&#8221; \u00e8 online con il suo primo volume: PRIMA TAPPA &#8211; INFERNO. Sono orgogliosa di questo risultato, perch\u00e9 si tratta del felice coronamento di un grande lavoro..<\/p>\n","protected":false},"author":1,"featured_media":0,"parent":0,"menu_order":0,"comment_status":"closed","ping_status":"closed","template":"","meta":{"footnotes":""},"_links":{"self":[{"href":"https:\/\/www.claudiacravero.it\/web\/wp-json\/wp\/v2\/pages\/1259"}],"collection":[{"href":"https:\/\/www.claudiacravero.it\/web\/wp-json\/wp\/v2\/pages"}],"about":[{"href":"https:\/\/www.claudiacravero.it\/web\/wp-json\/wp\/v2\/types\/page"}],"author":[{"embeddable":true,"href":"https:\/\/www.claudiacravero.it\/web\/wp-json\/wp\/v2\/users\/1"}],"replies":[{"embeddable":true,"href":"https:\/\/www.claudiacravero.it\/web\/wp-json\/wp\/v2\/comments?post=1259"}],"version-history":[{"count":1,"href":"https:\/\/www.claudiacravero.it\/web\/wp-json\/wp\/v2\/pages\/1259\/revisions"}],"predecessor-version":[{"id":1260,"href":"https:\/\/www.claudiacravero.it\/web\/wp-json\/wp\/v2\/pages\/1259\/revisions\/1260"}],"wp:attachment":[{"href":"https:\/\/www.claudiacravero.it\/web\/wp-json\/wp\/v2\/media?parent=1259"}],"curies":[{"name":"wp","href":"https:\/\/api.w.org\/{rel}","templated":true}]}}